{"id":11,"date":"2019-07-09T18:55:32","date_gmt":"2019-07-09T18:55:32","guid":{"rendered":"https:\/\/sahahalal.com\/?page_id=11"},"modified":"2026-02-04T07:27:14","modified_gmt":"2026-02-04T07:27:14","slug":"saha-halal-about-us","status":"publish","type":"page","link":"https:\/\/sahahalal.com\/fr\/saha-halal-about-us\/","title":{"rendered":"\u00c0 propos de nous"},"content":{"rendered":"<p><section class=\"kc-elm kc-css-77760 kc_row hero-container\"><div class=\"kc-row-container  kc-container\"><div class=\"kc-wrap-columns\"><div class=\"kc-elm kc-css-178243 kc_col-sm-12 kc_column kc_col-sm-12\"><div class=\"kc-col-container\"><div data-kc-equalheight=\"true\" data-kc-row-action=\"true\" data-kc-equalheight-align=\"top\" class=\"kc-elm kc-css-848638 kc_row kc_row_inner hero\"><div class=\"kc-elm kc-css-507220 kc_col-sm-6 kc_column_inner kc_col-sm-6 left\"><div class=\"kc_wrapper kc-col-inner-container\"><div class=\"kc-elm kc-css-406283 kc_row kc_row_inner\"><div class=\"kc-elm kc-css-618027 kc_col-sm-2 kc_column_inner kc_col-sm-2\"><div class=\"kc_wrapper kc-col-inner-container\">\n<div class=\"kc-elm kc-css-737878 divider_line spacer\">\n\t<div class=\"divider_inner divider_line1\">\n\t\t\t<\/div>\n<\/div>\n<\/div><\/div><div class=\"kc-elm kc-css-225446 kc_col-sm-10 kc_column_inner kc_col-sm-10\"><div class=\"kc_wrapper kc-col-inner-container\">\n<div class=\"kc-elm kc-css-560108 kc-title-wrap\">\n\n\t<h1 class=\"kc_title\">\u00c0 propos de nous<\/h1>\n<\/div>\n<div class=\"kc-elm kc-css-620058 kc_text_block\"><\/p>\n<p><span class=\"s1\">La premi\u00e8re gamme de produits de dindon halal du Canada<\/span><\/p>\n<p>\n<\/div><\/div><\/div><\/div><\/div><\/div><div class=\"kc-elm kc-css-403701 kc_col-sm-6 kc_column_inner kc_col-sm-6 right\"><div class=\"kc_wrapper kc-col-inner-container\"><div class=\"kc-elm kc-css-599976 kc_row kc_row_inner\"><div class=\"kc-elm kc-css-375289 kc_col-sm-12 kc_column_inner kc_col-sm-12\"><div class=\"kc_wrapper kc-col-inner-container\"><\/div><\/div><\/div><\/div><\/div><\/div><\/div><\/div><\/div><\/div><\/section><section id=\"about-us\" class=\"kc-elm kc-css-748969 kc_row\"><div class=\"kc-row-container  kc-container\"><div class=\"kc-wrap-columns\"><div class=\"kc-elm kc-css-447303 kc_col-sm-12 kc_column kc_col-sm-12\"><div class=\"kc-col-container\"><div class=\"kc-elm kc-css-123780 kc_row kc_row_inner\"><div class=\"kc-elm kc-css-737494 kc_col-sm-12 kc_column_inner kc_col-sm-12\"><div class=\"kc_wrapper kc-col-inner-container\"><div class=\"kc-elm kc-css-786490 kc_text_block\"><\/p>\n<h2>\u00c0 propos de nous<\/h2>\n<p>\n<\/div><div class=\"kc-elm kc-css-627047 kc_text_block\"><\/p>\n<p style=\"text-align: center;\">Qu\u2019il s\u2019agisse de dindons entiers, de r\u00f4tis de dindon ou de lani\u00e8res de dindon pour le d\u00e9jeuner, tous nos produits sont pr\u00e9par\u00e9s conform\u00e9ment aux lois islamiques, selon les m\u00e9thodes halal traditionnelles.<\/p>\n<p>\n<\/div><\/div><\/div><\/div><div class=\"kc-elm kc-css-348030 kc_row kc_row_inner\"><div class=\"kc-elm kc-css-906933 kc_col-sm-12 kc_column_inner kc_col-sm-12\"><div class=\"kc_wrapper kc-col-inner-container\"><div class=\"kc-elm kc-css-358263 kc_text_block\"><\/p>\n<p>\n<strong>Notre m\u00e9thode<\/strong><\/p>\n<p>\n<\/div><\/div><\/div><\/div><div class=\"kc-elm kc-css-27113 kc_row kc_row_inner\"><div class=\"kc-elm kc-css-704376 kc_col-sm-6 kc_column_inner kc_col-sm-6\"><div class=\"kc_wrapper kc-col-inner-container\"><div class=\"kc-elm kc-css-552231 kc_text_block\"><\/p>\n<p>\nLe respect rigoureux des normes et proc\u00e9dures alimentaires halal est au c\u0153ur de toutes nos activit\u00e9s. En conformit\u00e9 avec les exigences de production et de transformation dict\u00e9es par les prescriptions alimentaires halal, les dindons Saha Halal sont \u00e9lev\u00e9s et transform\u00e9s \u00e0 la main et en minimisant la souffrance. Ceci s\u2019harmonise avec le terme \u00ab Tayyib \u00bb qui assure la propret\u00e9 et la puret\u00e9 de la ferme \u00e0 l\u2019assiette.<\/p>\n<p>Les dindons Saha Halal sont \u00e9lev\u00e9s dans des fermes familiales, dans un environnement s\u00e9curitaire et climatis\u00e9, avec un acc\u00e8s constant \u00e0 de l\u2019eau fra\u00eeche. Ils sont nourris avec une alimentation saine et \u00e9quilibr\u00e9e \u00e0 base de grains, de vitamines et de min\u00e9raux.<\/p>\n<p>\n<\/div><\/div><\/div><div class=\"kc-elm kc-css-239114 kc_col-sm-6 kc_column_inner kc_col-sm-6\"><div class=\"kc_wrapper kc-col-inner-container\"><div class=\"kc-elm kc-css-133868 kc_text_block\"><\/p>\n<p>\nComme tous les dindons au Canada, ils ne sont jamais mis en cage et sont \u00e9lev\u00e9s en libert\u00e9 dans le poulailler.<\/p>\n<p>L\u2019abattage rituel des dindons Saha Halal est fait \u00e0 la main par une \u00e9quipe de b\u00e9nisseurs musulmans qui prononcent, au moment de l\u2019\u00e9gorgement, le nom de Dieu et r\u00e9citent la Tasmiah.<\/p>\n<p>Nous sommes fiers d\u2019\u00eatre une compagnie canadienne et nous r\u00e9jouissons d\u2019ajouter notre gamme de produits de dindons halal et d\u2019\u00e9voluer avec la communaut\u00e9 musulmane.<\/p>\n<p>\n<\/div><\/div><\/div><\/div><\/div><\/div><\/div><\/div><\/section><\/p>","protected":false},"excerpt":{"rendered":"","protected":false},"author":5,"featured_media":0,"parent":0,"menu_order":0,"comment_status":"closed","ping_status":"closed","template":"","meta":{"_acf_changed":false,"footnotes":""},"class_list":["post-11","page","type-page","status-publish","hentry"],"acf":[],"rttpg_featured_image_url":null,"rttpg_author":{"display_name":"Karishma Panjwani","author_link":"https:\/\/sahahalal.com\/fr\/author\/karishma-panjwanizenogroup-com\/"},"rttpg_comment":0,"rttpg_category":null,"rttpg_excerpt":"About Us Canada\u2019s first Halal turkey line About Us From whole turkeys and turkey roasts to turkey breakfast strips, our products are prepared in accordance to Islamic Law, using traditional Halal methods. Our Method Strictly adhering to the Halal process is at the heart of everything we do. In compliance with Halal processing, Saha Halal&hellip;","_links":{"self":[{"href":"https:\/\/sahahalal.com\/fr\/wp-json\/wp\/v2\/pages\/11","targetHints":{"allow":["GET"]}}],"collection":[{"href":"https:\/\/sahahalal.com\/fr\/wp-json\/wp\/v2\/pages"}],"about":[{"href":"https:\/\/sahahalal.com\/fr\/wp-json\/wp\/v2\/types\/page"}],"author":[{"embeddable":true,"href":"https:\/\/sahahalal.com\/fr\/wp-json\/wp\/v2\/users\/5"}],"replies":[{"embeddable":true,"href":"https:\/\/sahahalal.com\/fr\/wp-json\/wp\/v2\/comments?post=11"}],"version-history":[{"count":0,"href":"https:\/\/sahahalal.com\/fr\/wp-json\/wp\/v2\/pages\/11\/revisions"}],"wp:attachment":[{"href":"https:\/\/sahahalal.com\/fr\/wp-json\/wp\/v2\/media?parent=11"}],"curies":[{"name":"wp","href":"https:\/\/api.w.org\/{rel}","templated":true}]}}