{"id":12,"date":"2019-07-09T19:04:32","date_gmt":"2019-07-09T19:04:32","guid":{"rendered":"https:\/\/sahahalal.com\/?page_id=12"},"modified":"2026-01-31T02:04:48","modified_gmt":"2026-01-31T02:04:48","slug":"services-alimentaires","status":"publish","type":"page","link":"https:\/\/sahahalal.com\/fr\/foodservice\/","title":{"rendered":"Restauration"},"content":{"rendered":"<p><section class=\"kc-elm kc-css-902575 kc_row hero-container\"><div class=\"kc-row-container  kc-container\"><div class=\"kc-wrap-columns\"><div class=\"kc-elm kc-css-647011 kc_col-sm-12 kc_column kc_col-sm-12\"><div class=\"kc-col-container\"><div data-kc-equalheight=\"true\" data-kc-row-action=\"true\" data-kc-equalheight-align=\"top\" class=\"kc-elm kc-css-817972 kc_row kc_row_inner hero\"><div class=\"foodservice\"><div class=\"kc-elm kc-css-608783 kc_col-sm-6 kc_column_inner kc_col-sm-6 left\"><div class=\"kc_wrapper kc-col-inner-container\"><div class=\"kc-elm kc-css-183244 kc_row kc_row_inner\"><div class=\"kc-elm kc-css-300700 kc_col-sm-2 kc_column_inner kc_col-sm-2\"><div class=\"kc_wrapper kc-col-inner-container\">\n<div class=\"kc-elm kc-css-598224 divider_line spacer\">\n\t<div class=\"divider_inner divider_line1\">\n\t\t\t<\/div>\n<\/div>\n<\/div><\/div><div class=\"kc-elm kc-css-177259 kc_col-sm-10 kc_column_inner kc_col-sm-10\"><div class=\"kc_wrapper kc-col-inner-container\">\n<div class=\"kc-elm kc-css-35326 kc-title-wrap\">\n\n\t<h1 class=\"kc_title\">PENSEZ-VOUS QUE SAHA HALAL POURRAIT CONVENIR \u00c0 VOTRE RESTAURANT OU \u00c0 VOTRE \u00c9TABLISSEMENT?<\/h1>\n<\/div>\n<div class=\"kc-elm kc-css-936746 kc_text_block\"><\/p>\n<p>\n<\/div><\/div><\/div><\/div><\/div><\/div><div class=\"kc-elm kc-css-319610 kc_col-sm-6 kc_column_inner kc_col-sm-6 right\"><div class=\"kc_wrapper kc-col-inner-container\"><div id=\"foodservice\" class=\"kc-elm kc-css-279338 kc_row kc_row_inner hero\"><div class=\"foodservice\"><div class=\"kc-elm kc-css-100660 kc_col-sm-12 kc_column_inner kc_col-sm-12\"><div class=\"kc_wrapper kc-col-inner-container\"><\/div><\/div><\/div><\/div><\/div><\/div><\/div><\/div><\/div><\/div><\/div><\/div><\/section><section class=\"kc-elm kc-css-354030 kc_row\"><div class=\"kc-row-container  kc-container\"><div class=\"kc-wrap-columns\"><div class=\"kc-elm kc-css-208480 kc_col-sm-12 kc_column kc_col-sm-12\"><div class=\"kc-col-container\"><div class=\"kc-elm kc-css-769524 kc_row kc_row_inner\"><div class=\"kc-elm kc-css-806324 kc_col-sm-12 kc_column_inner kc_col-sm-12\"><div class=\"kc_wrapper kc-col-inner-container\">\n<div class=\"kc-elm kc-css-998338 kc-title-wrap\">\n\n\t<h2 class=\"kc_title\">Bureaux<\/h2>\n<\/div>\n<\/div><\/div><\/div><div class=\"kc-elm kc-css-567646 kc_row kc_row_inner\"><div class=\"kc-elm kc-css-804243 kc_col-sm-4 kc_column_inner kc_col-sm-4\"><div class=\"kc_wrapper kc-col-inner-container\"><div class=\"kc-elm kc-css-214802 kc_text_block\"><\/p>\n<h3 style=\"font-size: 19px; text-transform: inherit;\">Ontario<\/h3>\n<p class=\"p1\"><strong>Sofina Foods Inc.<\/strong><br \/>6775 Financial Drive<br \/>Bureau 101<br \/>Mississauga, ON L5N 0A4<br \/>T\u00e9l\u00e9phone gratuit : 800 387-7760<\/p>\n<p>\n<\/div><div class=\"kc-elm kc-css-632591\" style=\"height: 30px; clear: both; width:100%;\"><\/div><\/div><\/div><div class=\"kc-elm kc-css-844287 kc_col-sm-4 kc_column_inner kc_col-sm-4\"><div class=\"kc_wrapper kc-col-inner-container\"><div class=\"kc-elm kc-css-793425 kc_text_block\"><\/p>\n<h3 style=\"font-size: 19px; text-transform: inherit;\">QU\u00c9BEC<\/h3>\n<p class=\"p1\"><span class=\"s1\"><strong>Sofina Foods Inc.<\/strong><br \/>1081, rue Parent<br \/>Saint-Bruno-de-Montarille, QC J3V 6L7<br \/>T\u00e9l\u00e9phone gratuit : 800 320-8006<br \/>Courriel :\u00a0<a title=\"Butterballquebec@exceldor.com\" href=\"mailto:butterballquebec@exceldor.com\">butterballquebec@exceldor.com<\/a><\/span><\/p>\n<p>\n<\/div><div class=\"kc-elm kc-css-347150\" style=\"height: 30px; clear: both; width:100%;\"><\/div><\/div><\/div><div class=\"kc-elm kc-css-754223 kc_col-sm-4 kc_column_inner kc_col-sm-4\"><div class=\"kc_wrapper kc-col-inner-container\"><div class=\"kc-elm kc-css-133665 kc_text_block\"><\/p>\n<p>\n<\/div><div class=\"kc-elm kc-css-240810\" style=\"height: 30px; clear: both; width:100%;\"><\/div><\/div><\/div><\/div><div class=\"kc-elm kc-css-632843 kc_row kc_row_inner\"><div class=\"kc-elm kc-css-912557 kc_col-sm-12 kc_column_inner kc_col-sm-12\"><div class=\"kc_wrapper kc-col-inner-container\">\n<div class=\"kc-elm kc-css-206261 kc-title-wrap\">\n\n\t<h2 class=\"kc_title\">Bureaux de vente<\/h2>\n<\/div>\n<\/div><\/div><\/div><div data-kc-equalheight=\"true\" data-kc-row-action=\"true\" data-kc-equalheight-align=\"top\" class=\"kc-elm kc-css-802755 kc_row kc_row_inner\"><div class=\"kc-elm kc-css-737159 kc_col-sm-4 kc_column_inner kc_col-sm-4\"><div class=\"kc_wrapper kc-col-inner-container\"><div class=\"kc-elm kc-css-688425 kc_text_block\"><\/p>\n<h3 style=\"font-size: 19px; text-transform: inherit;\">Ontario<\/h3>\n<p><strong>Affinity Group<\/strong><\/p>\n<div class=\"et_pb_module et_pb_text et_pb_text_11 et_pb_text_align_left et_pb_bg_layout_light\">\n<div class=\"et_pb_text_inner\">\n<p>21 East Wilmot, Unit\u00e9 2<br \/>Richmond Hill, ON L4B 1A3<br \/>T\u00e9l\u00e9phone gratuit : 800 658-1461<br \/>Site web :\u00a0<a title=\"Affinitysales.ca\" href=\"https:\/\/affinitysales.com\/\" target=\"_blank\" rel=\"noopener\">affinitysales.ca<\/a><br \/>Courriel :\u00a0<a title=\"Info@affinitysales.ca\" href=\"mailto:info@affinitysales.ca\">info@affinitysales.ca<\/a><\/p>\n<\/div>\n<\/div>\n<p>\n<\/div><\/div><\/div><div class=\"kc-elm kc-css-447993 kc_col-sm-4 kc_column_inner kc_col-sm-4\"><div class=\"kc_wrapper kc-col-inner-container\"><div class=\"kc-elm kc-css-961098 kc_text_block\"><\/p>\n<h3 style=\"font-size: 19px; text-transform: inherit;\">QU\u00c9BEC<\/h3>\n<p><strong>Performance Courtier Alimentaire Inc.<\/strong><br \/>5626 Boul. Thimens, Unit\u00e9 6<br \/>Saint-Laurent, QC H4R 2K9<br \/>T\u00e9l\u00e9phone : (514) 339-8118 514 339-8118<br \/>Courriel :\u00a0<a title=\"Service@perfocan.com\" href=\"mailto:service@perfocan.com\">service@perfocan.com<\/a><\/p>\n<p>\n<\/div><\/div><\/div><div class=\"kc-elm kc-css-837537 kc_col-sm-4 kc_column_inner kc_col-sm-4\"><div class=\"kc_wrapper kc-col-inner-container\"><div class=\"kc-elm kc-css-638975 kc_text_block\"><\/p>\n<h3 style=\"font-size: 19px; text-transform: inherit;\">Ouest du Canada<\/h3>\n<p><strong>CORE Foodservice Canada<\/strong><br \/>#101-250 Schoolhouse Street<br \/>Coquitlam, BC V3K 6V7<br \/>T\u00e9l\u00e9phone : 604 523-0332 604 523-0332<br \/>Courriel :\u00a0<a title=\"FSCDACustServ@corefoodservice.com\" href=\"mailto:FSCDACustServ@corefoodservice.com\">FSCDACustServ@corefoodservice.com<\/a><\/p>\n<p>\n<\/div><\/div><\/div><\/div><div data-kc-equalheight=\"true\" data-kc-row-action=\"true\" data-kc-equalheight-align=\"top\" class=\"kc-elm kc-css-529711 kc_row kc_row_inner\"><div class=\"kc-elm kc-css-515961 kc_col-sm-4 kc_column_inner kc_col-sm-4\"><div class=\"kc_wrapper kc-col-inner-container\"><div class=\"kc-elm kc-css-72959 kc_text_block\"><\/p>\n<h3 style=\"font-size: 19px; text-transform: inherit;\">Terre-Neuve<\/h3>\n<p><strong>Affinity Group<\/strong><br \/>27 Austin Street, unit\u00e9 101<br \/>John's, NL A1B 4C3<br \/>Bureau : 709 782-7853<br \/>Courriel :\u00a0<a title=\"Info@affinitysales.com\" href=\"mailto:info@affinitysales.com\">info@affinitysales.com<\/a><\/p>\n<p>\n<\/div><\/div><\/div><div class=\"kc-elm kc-css-867110 kc_col-sm-4 kc_column_inner kc_col-sm-4\"><div class=\"kc_wrapper kc-col-inner-container\"><div class=\"kc-elm kc-css-280607 kc_text_block\"><\/p>\n<h3 style=\"font-size: 19px; text-transform: inherit;\">PROVINCES ATLANTIQUES<\/h3>\n<p><strong>Groupe alimentaire Affinity<\/strong><br \/>40 avenue John Savage,<br \/>Dartmouth, Nouvelle-\u00c9cosse B3B 2E6<br \/>Bureau : 902 468-3088<br \/>T\u00e9l\u00e9phone gratuit : 800 565-0764<br \/>Courriel :\u00a0<a title=\"Info@affinitysales.com\" href=\"mailto:info@affinitysales.com\">info@affinitysales.com<\/a><\/p>\n<p>\n<\/div><\/div><\/div><div class=\"kc-elm kc-css-280297 kc_col-sm-4 kc_column_inner kc_col-sm-4\"><div class=\"kc_wrapper kc-col-inner-container\"><div class=\"kc-elm kc-css-4197 kc_text_block\"><\/p>\n<p>\n<\/div><\/div><\/div><\/div><\/div><\/div><\/div><\/div><\/section><\/p>","protected":false},"excerpt":{"rendered":"","protected":false},"author":5,"featured_media":0,"parent":0,"menu_order":0,"comment_status":"closed","ping_status":"closed","template":"","meta":{"_acf_changed":false,"footnotes":""},"class_list":["post-12","page","type-page","status-publish","hentry"],"acf":[],"rttpg_featured_image_url":null,"rttpg_author":{"display_name":"Karishma Panjwani","author_link":"https:\/\/sahahalal.com\/fr\/author\/karishma-panjwanizenogroup-com\/"},"rttpg_comment":0,"rttpg_category":null,"rttpg_excerpt":"THINK SAHA HALAL IS RIGHT FOR YOUR RESTAURANT OR FACILITY? Offices Ontario Sofina Foods Inc.6775 Financial DriveSuite 101Mississauga, ON L5N 0A4Toll free phone: 800 387-7760 Quebec Sofina Foods Inc.1081, rue ParentSaint-Bruno-de-Montarille, QC J3V 6L7Toll free phone: 800 320-8006Email:\u00a0butterballquebec@exceldor.com Sales Offices Ontario Affinity Group Canada 21 East Wilmot, Unit 2Richmond Hill, ON L4B 1A3Toll free phone:&hellip;","_links":{"self":[{"href":"https:\/\/sahahalal.com\/fr\/wp-json\/wp\/v2\/pages\/12","targetHints":{"allow":["GET"]}}],"collection":[{"href":"https:\/\/sahahalal.com\/fr\/wp-json\/wp\/v2\/pages"}],"about":[{"href":"https:\/\/sahahalal.com\/fr\/wp-json\/wp\/v2\/types\/page"}],"author":[{"embeddable":true,"href":"https:\/\/sahahalal.com\/fr\/wp-json\/wp\/v2\/users\/5"}],"replies":[{"embeddable":true,"href":"https:\/\/sahahalal.com\/fr\/wp-json\/wp\/v2\/comments?post=12"}],"version-history":[{"count":0,"href":"https:\/\/sahahalal.com\/fr\/wp-json\/wp\/v2\/pages\/12\/revisions"}],"wp:attachment":[{"href":"https:\/\/sahahalal.com\/fr\/wp-json\/wp\/v2\/media?parent=12"}],"curies":[{"name":"wp","href":"https:\/\/api.w.org\/{rel}","templated":true}]}}